{"id":3473,"date":"2014-10-30T10:19:15","date_gmt":"2014-10-30T15:19:15","guid":{"rendered":"http:\/\/72.167.124.155\/tilt-uptoday\/?page_id=3473"},"modified":"2015-06-08T01:34:16","modified_gmt":"2015-06-08T06:34:16","slug":"subscribe","status":"publish","type":"page","link":"https:\/\/tilt-up.org\/tilt-uptoday\/subscribe\/","title":{"rendered":"Subscribe"},"content":{"rendered":"<p><img loading=\"lazy\" decoding=\"async\" class=\"alignnone size-full wp-image-1839\" src=\"http:\/\/tilt-up.org\/tilt-uptoday\/wp-content\/uploads\/2012\/11\/TUT-Covers-H.jpg\" alt=\"TUT-Covers-H\" width=\"680\" height=\"340\" srcset=\"https:\/\/tilt-up.org\/tilt-uptoday\/wp-content\/uploads\/2012\/11\/TUT-Covers-H.jpg 680w, https:\/\/tilt-up.org\/tilt-uptoday\/wp-content\/uploads\/2012\/11\/TUT-Covers-H-300x150.jpg 300w, https:\/\/tilt-up.org\/tilt-uptoday\/wp-content\/uploads\/2012\/11\/TUT-Covers-H-678x340.jpg 678w\" sizes=\"auto, (max-width: 680px) 100vw, 680px\" \/><\/p>\n<p>The Tilt-Up Concrete Association recently announced a new bilingual format for <span style=\"text-decoration: underline;\">Tilt-Up Today<\/span> magazine and is offering a complimentary one-year subscription for new readers. Please complete the form below to start your complimentary subscription.<\/p>\n<p><span style=\"color: #888888;\">TCA ha anunciado recientemente un nuevo formato biling\u00fce para Tilt-Up Today Magazine y est\u00e1 ofreciendo una suscripci\u00f3n gratuita de un a\u00f1o para los nuevos lectores. Por favor completa el siguiente formulario para iniciar su suscripci\u00f3n gratuita.<\/span><\/p>\n\n<div class=\"wpcf7 no-js\" id=\"wpcf7-f3582-o1\" lang=\"en-US\" dir=\"ltr\" data-wpcf7-id=\"3582\">\n<div class=\"screen-reader-response\"><p role=\"status\" aria-live=\"polite\" aria-atomic=\"true\"><\/p> <ul><\/ul><\/div>\n<form action=\"\/tilt-uptoday\/wp-json\/wp\/v2\/pages\/3473#wpcf7-f3582-o1\" method=\"post\" class=\"wpcf7-form init\" aria-label=\"Contact form\" novalidate=\"novalidate\" data-status=\"init\">\n<fieldset class=\"hidden-fields-container\"><input type=\"hidden\" name=\"_wpcf7\" value=\"3582\" \/><input type=\"hidden\" name=\"_wpcf7_version\" value=\"6.1.3\" \/><input type=\"hidden\" name=\"_wpcf7_locale\" value=\"en_US\" \/><input type=\"hidden\" name=\"_wpcf7_unit_tag\" value=\"wpcf7-f3582-o1\" \/><input type=\"hidden\" name=\"_wpcf7_container_post\" value=\"0\" \/><input type=\"hidden\" name=\"_wpcf7_posted_data_hash\" value=\"\" \/>\n<\/fieldset>\n<p>Name\/Nombre\n<\/p>\n<p><span class=\"wpcf7-form-control-wrap\" data-name=\"your-name\"><input size=\"40\" maxlength=\"400\" class=\"wpcf7-form-control wpcf7-text wpcf7-validates-as-required\" aria-required=\"true\" aria-invalid=\"false\" value=\"\" type=\"text\" name=\"your-name\" \/><\/span>\n<\/p>\n<p>E-Mail\n<\/p>\n<p><span class=\"wpcf7-form-control-wrap\" data-name=\"your-email\"><input size=\"40\" maxlength=\"400\" class=\"wpcf7-form-control wpcf7-email wpcf7-validates-as-required wpcf7-text wpcf7-validates-as-email\" aria-required=\"true\" aria-invalid=\"false\" value=\"\" type=\"email\" name=\"your-email\" \/><\/span>\n<\/p>\n<p>Company\/Empresa\n<\/p>\n<p><span class=\"wpcf7-form-control-wrap\" data-name=\"companyname\"><input size=\"40\" maxlength=\"400\" class=\"wpcf7-form-control wpcf7-text wpcf7-validates-as-required\" aria-required=\"true\" aria-invalid=\"false\" value=\"\" type=\"text\" name=\"companyname\" \/><\/span>\n<\/p>\n<p>Phone Number\/N\u00famero Telef\u00f3nico\n<\/p>\n<p><span class=\"wpcf7-form-control-wrap\" data-name=\"phonenumber\"><input size=\"40\" maxlength=\"400\" class=\"wpcf7-form-control wpcf7-text wpcf7-validates-as-required\" aria-required=\"true\" aria-invalid=\"false\" value=\"\" type=\"text\" name=\"phonenumber\" \/><\/span>\n<\/p>\n<p>Address\/Direcci\u00f3n\n<\/p>\n<p><span class=\"wpcf7-form-control-wrap\" data-name=\"streetaddress\"><input size=\"40\" maxlength=\"400\" class=\"wpcf7-form-control wpcf7-text\" aria-invalid=\"false\" value=\"\" type=\"text\" name=\"streetaddress\" \/><\/span>\n<\/p>\n<p>City\/Ciudad\n<\/p>\n<p><span class=\"wpcf7-form-control-wrap\" data-name=\"city\"><input size=\"40\" maxlength=\"400\" class=\"wpcf7-form-control wpcf7-text wpcf7-validates-as-required\" aria-required=\"true\" aria-invalid=\"false\" value=\"\" type=\"text\" name=\"city\" \/><\/span>\n<\/p>\n<p>State\/Estado\n<\/p>\n<p><span class=\"wpcf7-form-control-wrap\" data-name=\"state\"><input size=\"40\" maxlength=\"400\" class=\"wpcf7-form-control wpcf7-text wpcf7-validates-as-required\" aria-required=\"true\" aria-invalid=\"false\" value=\"\" type=\"text\" name=\"state\" \/><\/span>\n<\/p>\n<p>Country\/Pa\u00eds\n<\/p>\n<p><span class=\"wpcf7-form-control-wrap\" data-name=\"country\"><input size=\"40\" maxlength=\"400\" class=\"wpcf7-form-control wpcf7-text wpcf7-validates-as-required\" aria-required=\"true\" aria-invalid=\"false\" value=\"\" type=\"text\" name=\"country\" \/><\/span>\n<\/p>\n<p>Postal Code\/C\u00f3digo Postal\n<\/p>\n<p><span class=\"wpcf7-form-control-wrap\" data-name=\"postalcode\"><input size=\"40\" maxlength=\"400\" class=\"wpcf7-form-control wpcf7-text wpcf7-validates-as-required\" aria-required=\"true\" aria-invalid=\"false\" value=\"\" type=\"text\" name=\"postalcode\" \/><\/span>\n<\/p>\n<p>Which of the following best describe your business?\/\u00bfCu\u00e1l de los siguientes mejor describe su negocio?\n<\/p>\n<p><span class=\"wpcf7-form-control-wrap\" data-name=\"type\"><select class=\"wpcf7-form-control wpcf7-select\" aria-invalid=\"false\" name=\"type\"><option value=\"General Contractor\/Contratista General\">General Contractor\/Contratista General<\/option><option value=\"Concrete Contractor\/Contratistas Concreto\">Concrete Contractor\/Contratistas Concreto<\/option><option value=\"Engineer\/Ingeniero\">Engineer\/Ingeniero<\/option><option value=\"Architect\/Arquitecto\">Architect\/Arquitecto<\/option><option value=\"Student\/Estudiante\">Student\/Estudiante<\/option><option value=\"Supplier\/Proveedor\">Supplier\/Proveedor<\/option><option value=\"Educator\/Educador\">Educator\/Educador<\/option><option value=\"Distributor\/Distribuidor\">Distributor\/Distribuidor<\/option><option value=\"Developer\/Owner\/Propietario\">Developer\/Owner\/Propietario<\/option><option value=\"Other\/Otro\">Other\/Otro<\/option><\/select><\/span>\n<\/p>\n<p>To be sure you are human...\/Para asegurarse de que son humanos...\n<\/p>\n<p><input type=\"hidden\" name=\"_wpcf7_captcha_challenge_captcha-365\" value=\"1700077549\" \/><img loading=\"lazy\" decoding=\"async\" class=\"wpcf7-form-control wpcf7-captchac wpcf7-captcha-captcha-365\" width=\"72\" height=\"24\" alt=\"captcha\" src=\"https:\/\/tilt-up.org\/tilt-uptoday\/wp-content\/uploads\/wpcf7_captcha\/1700077549.png\" \/><br \/>\n<span class=\"wpcf7-form-control-wrap\" data-name=\"captcha-365\"><input size=\"40\" class=\"wpcf7-form-control wpcf7-captchar\" autocomplete=\"off\" aria-invalid=\"false\" value=\"\" type=\"text\" name=\"captcha-365\" \/><\/span>\n<\/p>\n<p><input class=\"wpcf7-form-control wpcf7-submit has-spinner\" type=\"submit\" value=\"Subscribe\/Suscribir\" \/>\n<\/p><p style=\"display: none !important;\" class=\"akismet-fields-container\" data-prefix=\"_wpcf7_ak_\"><label>&#916;<textarea name=\"_wpcf7_ak_hp_textarea\" cols=\"45\" rows=\"8\" maxlength=\"100\"><\/textarea><\/label><input type=\"hidden\" id=\"ak_js_1\" name=\"_wpcf7_ak_js\" value=\"150\"\/><script>document.getElementById( \"ak_js_1\" ).setAttribute( \"value\", ( new Date() ).getTime() );<\/script><\/p><div class=\"wpcf7-response-output\" aria-hidden=\"true\"><\/div>\n<\/form>\n<\/div>\n\n","protected":false},"excerpt":{"rendered":"<div class=\"mh-excerpt\">The Tilt-Up Concrete Association recently announced a new bilingual format for Tilt-Up Today magazine and is offering a complimentary one-year subscription for new readers. Please complete the form below to start your complimentary subscription. TCA <a class=\"mh-excerpt-more\" href=\"https:\/\/tilt-up.org\/tilt-uptoday\/subscribe\/\" title=\"Subscribe\"> Read more&#8230;<\/a><\/div>\n","protected":false},"author":2,"featured_media":0,"parent":0,"menu_order":0,"comment_status":"open","ping_status":"open","template":"","meta":{"footnotes":""},"class_list":["post-3473","page","type-page","status-publish"],"_links":{"self":[{"href":"https:\/\/tilt-up.org\/tilt-uptoday\/wp-json\/wp\/v2\/pages\/3473","targetHints":{"allow":["GET"]}}],"collection":[{"href":"https:\/\/tilt-up.org\/tilt-uptoday\/wp-json\/wp\/v2\/pages"}],"about":[{"href":"https:\/\/tilt-up.org\/tilt-uptoday\/wp-json\/wp\/v2\/types\/page"}],"author":[{"embeddable":true,"href":"https:\/\/tilt-up.org\/tilt-uptoday\/wp-json\/wp\/v2\/users\/2"}],"replies":[{"embeddable":true,"href":"https:\/\/tilt-up.org\/tilt-uptoday\/wp-json\/wp\/v2\/comments?post=3473"}],"version-history":[{"count":20,"href":"https:\/\/tilt-up.org\/tilt-uptoday\/wp-json\/wp\/v2\/pages\/3473\/revisions"}],"predecessor-version":[{"id":7195,"href":"https:\/\/tilt-up.org\/tilt-uptoday\/wp-json\/wp\/v2\/pages\/3473\/revisions\/7195"}],"wp:attachment":[{"href":"https:\/\/tilt-up.org\/tilt-uptoday\/wp-json\/wp\/v2\/media?parent=3473"}],"curies":[{"name":"wp","href":"https:\/\/api.w.org\/{rel}","templated":true}]}}