{"id":530,"date":"2011-11-03T09:00:07","date_gmt":"2011-11-03T14:00:07","guid":{"rendered":"http:\/\/72.167.124.155\/tilt-uptoday\/"},"modified":"2025-02-20T12:07:11","modified_gmt":"2025-02-20T17:07:11","slug":"students","status":"publish","type":"page","link":"https:\/\/tilt-up.org\/tilt-uptoday\/es\/students\/","title":{"rendered":"Estudiantes"},"content":{"rendered":"<h5>Membres\u00eda Gratis para Estudiantes de la Tilt-Up Concrete Association<\/h5>\n<p>En un esfuerzo por promover y contribuir al avance de la industria del Tilt-Up, la Tilt-Up Concrete Association ofrece membres\u00edas GRATUITAS a estudiantes de escuelas de construcci\u00f3n, arquitectura e ingenier\u00eda interesados en la construcci\u00f3n con concreto Tilt-Up. Este programa de membres\u00eda estudiantil, patrocinado por la <a href=\"https:\/\/tilt-up.org\/tilt-uptoday\/es\/sustaining\/\" target=\"_blank\" rel=\"noopener noreferrer\">MIEMBROS SOSTENEDORES<\/a> de la TCA, se centra en el futuro de esta industria a trav\u00e9s de valiosas iniciativas educativas.<\/p>\n<p>Con tu membres\u00eda GRATIS no solo te integrar\u00e1s a la red de profesionales de Tilt-Up m\u00e1s grande del mundo; obtendr\u00e1s acceso a recursos valiosos que incluyen documentos t\u00e9cnicos y publicaciones como \u201cThe Architecture of Tilt-Up\u201d (La Arquitectura del Tilt-Up), \u201cGuidelines for Temporary Wind Bracing of Tilt-Up Concrete Panels During Construction\u201d (Gu\u00edas para el Anclaje Temporal contra el Viento de Paneles de Concreto Tilt-Up Durante la Construcci\u00f3n) de la TCA, \u201cThe Tilt-Up Construction and Engineering Manual\u201d (El Manual de Construcci\u00f3n e Ingenier\u00eda Tilt-Up), \u201cConnections for Tilt-Wall Construction\u201d (Conexiones para Construcci\u00f3n de Muros Tilt) de la PCA y m\u00e1s.<\/p>\n<p>Adem\u00e1s, con tu membres\u00eda de estudiante de la TCA, ser\u00e1s elegible para precios preferenciales en recursos impresos y en inscripciones a eventos de la TCA. Los estudiantes miembros tambi\u00e9n ser\u00e1n elegibles, seg\u00fan disponibilidad, para recibir inscripci\u00f3n gratuita a la Convenci\u00f3n Anual de la TCA.<\/p>\n<p>Contacto <a href=\"mailto:astolte@tilt-up.org\">astolte@tilt-up.org<\/a> para hacerse miembro<\/p>\n<h5>Concurso Anual de Dise\u00f1o para Estudiantes de la TCA<\/h5>\n<p>Patrocinado por el <a href=\"https:\/\/tilt-up.org\/tilt-uptoday\/es\/sustaining\/\" target=\"_blank\" rel=\"noopener noreferrer\">MIEMBROS SOSTENEDORES<\/a> del TCA, la Competencia Anual de Dise\u00f1o para Estudiantes de Arquitectura e Ingenier\u00eda, tanto de posgrado como de pregrado, destaca los muchos beneficios del Tilt-Up. \u00a1Vuelve a consultar aqu\u00ed para ver las actualizaciones de la competencia del pr\u00f3ximo a\u00f1o!<\/p>\n<p>La Competencia Anual de Dise\u00f1o Estudiantil se integra frecuentemente en el curr\u00edculo de diversas instituciones alrededor del mundo. El TCA agradece enormemente esto y desea expandir la presencia de la educaci\u00f3n Tilt-Up en la carrera de los estudiantes. Si usted es un estudiante interesado en estos esfuerzos, por favor pida a sus profesores que se pongan en contacto con Mitch Bloomquist en mbloomquist@tilt-up.org para obtener m\u00e1s informaci\u00f3n. Animamos encarecidamente a los miembros de la facultad a involucrarse en el proceso de planificaci\u00f3n y en la programaci\u00f3n de la competencia.<\/p>\n<h5>Recursos para el estudiante<\/h5>\n<p>Miembros estudiantes de la TCA, <a href=\"http:\/\/tilt-up.org\/tilt-uptoday\/es\/students\/student-resources\/\" target=\"_self\" rel=\"noopener noreferrer\">iniciar sesi\u00f3n<\/a> aqu\u00ed usando tu contrase\u00f1a para acceder a recursos de la industria, descuentos en productos, servicios y eventos, y m\u00e1s.<\/p>\n<h5>Noticias de Educaci\u00f3n<\/h5>\n<p><a href=\"http:\/\/tilt-up.org\/tilt-uptoday\/es\/category\/news\/education\/\" target=\"_self\" rel=\"noopener noreferrer\">Aqu\u00ed<\/a> encontrar\u00e1 una colecci\u00f3n de historias relacionadas con estudiantes y educaci\u00f3n. Si tiene noticias que le gustar\u00eda compartir, comun\u00edquese con mbloomquist@tilt-up.org.<\/p>\n<h5>\u00a1Con\u00e9ctate con nosotros!<\/h5>\n<p><a href=\"http:\/\/www.facebook.com\/TiltUp\" target=\"_blank\" rel=\"noopener noreferrer\"><img loading=\"lazy\" decoding=\"async\" title=\"Icono FB\" src=\"..\/wp-content\/uploads\/2011\/11\/FB-Icon.png\" alt=\"\" width=\"32\" height=\"32\" \/><\/a><\/p>","protected":false},"excerpt":{"rendered":"<div class=\"mh-excerpt\">FREE Student Membership to the Tilt-Up Concrete Association In an effort to promote and contribute to the advancement of the Tilt-Up industry the Tilt-Up Concrete Association provides FREE membership to students in construction, architectural and <a class=\"mh-excerpt-more\" href=\"https:\/\/tilt-up.org\/tilt-uptoday\/es\/students\/\" title=\"Estudiantes\"> Leer m\u00e1s\u2026<\/a><\/div>","protected":false},"author":2,"featured_media":0,"parent":0,"menu_order":0,"comment_status":"open","ping_status":"open","template":"","meta":{"footnotes":""},"class_list":["post-530","page","type-page","status-publish"],"_links":{"self":[{"href":"https:\/\/tilt-up.org\/tilt-uptoday\/es\/wp-json\/wp\/v2\/pages\/530","targetHints":{"allow":["GET"]}}],"collection":[{"href":"https:\/\/tilt-up.org\/tilt-uptoday\/es\/wp-json\/wp\/v2\/pages"}],"about":[{"href":"https:\/\/tilt-up.org\/tilt-uptoday\/es\/wp-json\/wp\/v2\/types\/page"}],"author":[{"embeddable":true,"href":"https:\/\/tilt-up.org\/tilt-uptoday\/es\/wp-json\/wp\/v2\/users\/2"}],"replies":[{"embeddable":true,"href":"https:\/\/tilt-up.org\/tilt-uptoday\/es\/wp-json\/wp\/v2\/comments?post=530"}],"version-history":[{"count":62,"href":"https:\/\/tilt-up.org\/tilt-uptoday\/es\/wp-json\/wp\/v2\/pages\/530\/revisions"}],"predecessor-version":[{"id":18082,"href":"https:\/\/tilt-up.org\/tilt-uptoday\/es\/wp-json\/wp\/v2\/pages\/530\/revisions\/18082"}],"wp:attachment":[{"href":"https:\/\/tilt-up.org\/tilt-uptoday\/es\/wp-json\/wp\/v2\/media?parent=530"}],"curies":[{"name":"la hora de","href":"https:\/\/api.w.org\/{rel}","templated":true}]}}