{"id":425,"date":"2011-10-26T16:27:17","date_gmt":"2011-10-26T21:27:17","guid":{"rendered":"http:\/\/72.167.124.155\/tilt-uptoday\/"},"modified":"2025-12-15T14:50:23","modified_gmt":"2025-12-15T19:50:23","slug":"advertise","status":"publish","type":"page","link":"https:\/\/tilt-up.org\/tilt-uptoday\/es\/advertise\/","title":{"rendered":"An\u00fanciese hoy mismo en Tilt-Up"},"content":{"rendered":"<figure class=\"wp-block-image size-large\"><img loading=\"lazy\" decoding=\"async\" width=\"1024\" height=\"681\" src=\"https:\/\/tilt-up.org\/tilt-uptoday\/wp-content\/uploads\/2025\/10\/TUTh-1024x681.jpg\" alt=\"\" class=\"wp-image-18858\" style=\"aspect-ratio:16\/9;object-fit:cover\"\/><\/figure>\n\n\n\n<p>Como publicaci\u00f3n oficial de la&nbsp;<strong>Asociaci\u00f3n de Hormig\u00f3n Tilt-Up (TCA)<\/strong>,&nbsp;<em>Tilt-Up hoy<\/em>&nbsp;conecta a la comunidad mundial dedicada al dise\u00f1o, la construcci\u00f3n y el suministro que est\u00e1 dando forma al futuro de la construcci\u00f3n con paneles prefabricados. Cada n\u00famero trimestral llega a m\u00e1s de&nbsp;<strong>10 000 profesionales del sector<\/strong>\u2014entre los que se incluyen contratistas, arquitectos, ingenieros, promotores inmobiliarios y proveedores\u2014 en toda Am\u00e9rica del Norte y Am\u00e9rica Latina.<\/p>\n\n\n\n<p>Combinando&nbsp;<strong>ediciones impresas y digitales<\/strong>, la revista es una plataforma de confianza para compartir innovaciones, productos e ideas que impulsan el avance del sector. Los anunciantes obtienen visibilidad en una publicaci\u00f3n respaldada por la autoridad y el alcance de la TCA, y se benefician de un contenido biling\u00fce que garantiza la participaci\u00f3n m\u00e1s all\u00e1 de las fronteras.<\/p>\n\n\n\n<p>Ya sea que est\u00e9 presentando una nueva tecnolog\u00eda, promocionando servicios o posicionando su marca como referente en el sector de la construcci\u00f3n con paneles prefabricados,&nbsp;<em>Tilt-Up hoy<\/em>&nbsp;ofrece una conexi\u00f3n directa con el p\u00fablico m\u00e1s comprometido del sector.<\/p>\n\n\n\n<h2 class=\"wp-block-heading\">Descargar el kit de prensa<\/h2>\n\n\n\n<p>Nuestro kit de prensa incluye tarifas publicitarias, fechas de publicaci\u00f3n, especificaciones y oportunidades para contenido patrocinado y publirreportajes.<\/p>\n\n\n\n<div class=\"wp-block-buttons is-layout-flex wp-block-buttons-is-layout-flex\">\n<div class=\"wp-block-button\"><a class=\"wp-block-button__link wp-element-button\" href=\"https:\/\/www.dropbox.com\/scl\/fi\/z0wmshxffiirfrpy0u7od\/Tilt-Up-Today-2026-Media-Kit.pdf?rlkey=11ryqyl5c3dsagy152bp3lw23&amp;dl=0\" target=\"_blank\" rel=\"noopener\">Descargar el kit de prensa<\/a><\/div>\n<\/div>\n\n\n\n<div style=\"height:20px\" aria-hidden=\"true\" class=\"wp-block-spacer\"><\/div>\n\n\n\n<p>Para consultas inmediatas, p\u00f3ngase en contacto con&nbsp;<strong>Jill Heald<\/strong>&nbsp;en&nbsp;<a href=\"mailto:jheald@tilt-up.org\">jheald@tilt-up.org<\/a>&nbsp;o al (319) 895-6911.<\/p>\n\n\n\n<p><\/p>","protected":false},"excerpt":{"rendered":"<div class=\"mh-excerpt\">As the official publication of the&nbsp;Tilt-Up Concrete Association (TCA),&nbsp;Tilt-Up Today&nbsp;connects the global design, construction, and supply community shaping the future of tilt-up. Each quarterly issue reaches more than&nbsp;10,000 industry professionals\u2014including contractors, architects, engineers, developers, and <a class=\"mh-excerpt-more\" href=\"https:\/\/tilt-up.org\/tilt-uptoday\/es\/advertise\/\" title=\"An\u00fanciese hoy mismo en Tilt-Up\"> Leer m\u00e1s\u2026<\/a><\/div>","protected":false},"author":2,"featured_media":18858,"parent":0,"menu_order":0,"comment_status":"closed","ping_status":"open","template":"","meta":{"footnotes":""},"class_list":["post-425","page","type-page","status-publish","has-post-thumbnail"],"_links":{"self":[{"href":"https:\/\/tilt-up.org\/tilt-uptoday\/es\/wp-json\/wp\/v2\/pages\/425","targetHints":{"allow":["GET"]}}],"collection":[{"href":"https:\/\/tilt-up.org\/tilt-uptoday\/es\/wp-json\/wp\/v2\/pages"}],"about":[{"href":"https:\/\/tilt-up.org\/tilt-uptoday\/es\/wp-json\/wp\/v2\/types\/page"}],"author":[{"embeddable":true,"href":"https:\/\/tilt-up.org\/tilt-uptoday\/es\/wp-json\/wp\/v2\/users\/2"}],"replies":[{"embeddable":true,"href":"https:\/\/tilt-up.org\/tilt-uptoday\/es\/wp-json\/wp\/v2\/comments?post=425"}],"version-history":[{"count":46,"href":"https:\/\/tilt-up.org\/tilt-uptoday\/es\/wp-json\/wp\/v2\/pages\/425\/revisions"}],"predecessor-version":[{"id":19851,"href":"https:\/\/tilt-up.org\/tilt-uptoday\/es\/wp-json\/wp\/v2\/pages\/425\/revisions\/19851"}],"wp:featuredmedia":[{"embeddable":true,"href":"https:\/\/tilt-up.org\/tilt-uptoday\/es\/wp-json\/wp\/v2\/media\/18858"}],"wp:attachment":[{"href":"https:\/\/tilt-up.org\/tilt-uptoday\/es\/wp-json\/wp\/v2\/media?parent=425"}],"curies":[{"name":"la hora de","href":"https:\/\/api.w.org\/{rel}","templated":true}]}}