{"id":19387,"date":"2025-11-03T17:20:51","date_gmt":"2025-11-03T22:20:51","guid":{"rendered":"https:\/\/tilt-up.org\/tilt-uptoday\/?page_id=19387"},"modified":"2025-11-03T17:25:48","modified_gmt":"2025-11-03T22:25:48","slug":"privacy-policy","status":"publish","type":"page","link":"https:\/\/tilt-up.org\/tilt-uptoday\/es\/privacy-policy\/","title":{"rendered":"Pol\u00edtica de privacidad"},"content":{"rendered":"<p>La Asociaci\u00f3n de Hormig\u00f3n Tilt-Up (TCA) y sus programas, entre los que se incluyen&nbsp;<em>Tilt-Up hoy<\/em>&nbsp;La revista, la Tilt-Up Academy, los eventos, los premios y otras iniciativas respetan y protegen tu privacidad. Solo recopilamos la informaci\u00f3n necesaria para gestionar las afiliaciones, la participaci\u00f3n en eventos, las suscripciones y las comunicaciones. Tus datos personales se utilizan exclusivamente para respaldar estas actividades y mejorar tu experiencia con la Asociaci\u00f3n.<\/p>\n\n\n\n<p>El sitio web de TCA y las plataformas asociadas pueden utilizar cookies para mejorar la funcionalidad y la experiencia del usuario. Estas cookies nos ayudan a comprender c\u00f3mo se utiliza el sitio y a garantizar que las funciones esenciales funcionen correctamente.<\/p>\n\n\n\n<p>Algunos servicios de la TCA se prestan a trav\u00e9s de proveedores externos de confianza que siguen sus propias normas de privacidad y seguridad. Estos socios tratan los datos \u00fanicamente en la medida en que sea necesario para prestar servicios a la Asociaci\u00f3n.<\/p>\n\n\n\n<p>La informaci\u00f3n personal se conserva \u00fanicamente durante el tiempo necesario para cumplir con los fines descritos en esta pol\u00edtica o seg\u00fan lo exija la ley. Puede actualizar sus preferencias de comunicaci\u00f3n o darse de baja de los correos electr\u00f3nicos no esenciales en cualquier momento utilizando los enlaces que figuran en nuestros mensajes.<\/p>\n\n\n\n<p>Esta pol\u00edtica puede actualizarse peri\u00f3dicamente. Cualquier cambio se reflejar\u00e1 en esta p\u00e1gina con la fecha de entrada en vigor revisada. Si tiene alguna pregunta o duda sobre esta pol\u00edtica o sobre su informaci\u00f3n personal, p\u00f3ngase en contacto con nosotros en&nbsp;<strong><a>info@tilt-up.org<\/a><\/strong>.<\/p>\n\n\n\n<p><\/p>","protected":false},"excerpt":{"rendered":"<div class=\"mh-excerpt\">The Tilt-Up Concrete Association (TCA) and its programs, including&nbsp;Tilt-Up Today&nbsp;magazine, Tilt-Up Academy, events, awards, and other initiatives, respect and protect your privacy. We collect only the information necessary to manage memberships, event participation, subscriptions, and <a class=\"mh-excerpt-more\" href=\"https:\/\/tilt-up.org\/tilt-uptoday\/es\/privacy-policy\/\" title=\"Pol\u00edtica de privacidad\"> Leer m\u00e1s\u2026<\/a><\/div>","protected":false},"author":3,"featured_media":0,"parent":0,"menu_order":0,"comment_status":"closed","ping_status":"closed","template":"","meta":{"footnotes":""},"class_list":["post-19387","page","type-page","status-publish"],"_links":{"self":[{"href":"https:\/\/tilt-up.org\/tilt-uptoday\/es\/wp-json\/wp\/v2\/pages\/19387","targetHints":{"allow":["GET"]}}],"collection":[{"href":"https:\/\/tilt-up.org\/tilt-uptoday\/es\/wp-json\/wp\/v2\/pages"}],"about":[{"href":"https:\/\/tilt-up.org\/tilt-uptoday\/es\/wp-json\/wp\/v2\/types\/page"}],"author":[{"embeddable":true,"href":"https:\/\/tilt-up.org\/tilt-uptoday\/es\/wp-json\/wp\/v2\/users\/3"}],"replies":[{"embeddable":true,"href":"https:\/\/tilt-up.org\/tilt-uptoday\/es\/wp-json\/wp\/v2\/comments?post=19387"}],"version-history":[{"count":2,"href":"https:\/\/tilt-up.org\/tilt-uptoday\/es\/wp-json\/wp\/v2\/pages\/19387\/revisions"}],"predecessor-version":[{"id":19391,"href":"https:\/\/tilt-up.org\/tilt-uptoday\/es\/wp-json\/wp\/v2\/pages\/19387\/revisions\/19391"}],"wp:attachment":[{"href":"https:\/\/tilt-up.org\/tilt-uptoday\/es\/wp-json\/wp\/v2\/media?parent=19387"}],"curies":[{"name":"wp","href":"https:\/\/api.w.org\/{rel}","templated":true}]}}